{"id":6087,"date":"2018-04-24T16:27:24","date_gmt":"2018-04-24T16:27:24","guid":{"rendered":"https:\/\/entrepueblos.org\/quienes-somos\/mision-vision-y-valores\/"},"modified":"2023-08-29T16:57:08","modified_gmt":"2023-08-29T16:57:08","slug":"misioa-ikuspegia-balioak","status":"publish","type":"page","link":"https:\/\/www.herriarte.org\/repositoriweb\/nortzuk-gara\/misioa-ikuspegia-balioak\/","title":{"rendered":"MISIOA, IKUSPEGIA, BALIOAK"},"content":{"rendered":"<div id='av_section_1'  class='avia-section main_color avia-section-default avia-no-border-styling  avia-full-stretch av-parallax-section av-section-color-overlay-active avia-bg-style-parallax  avia-builder-el-0  el_before_av_section  avia-builder-el-first  header-section  av-small-hide av-mini-hide av-minimum-height av-minimum-height-custom  container_wrap sidebar_right' style=' '  data-section-bg-repeat='stretch'><div class='av-parallax' data-avia-parallax-ratio='0.3' ><div class='av-parallax-inner main_color  avia-full-stretch' style = 'background-repeat: no-repeat; background-image: url(https:\/\/www.herriarte.org\/repositoriweb\/wp-content\/uploads\/2018\/05\/mineria.jpg);background-attachment: scroll; background-position: center center; ' ><\/div><\/div><div class='av-section-color-overlay-wrap'><div class='av-section-color-overlay' style='opacity: 0.7; background-color: #3f3f3f; '><\/div><div class='container' style='height:400px'><main  role=\"main\" itemprop=\"mainContentOfPage\"  class='template-page content  av-content-small alpha units'><div class='post-entry post-entry-type-page post-entry-6087'><div class='entry-content-wrapper clearfix'>\n<div class=\"flex_column av_one_full  flex_column_div av-zero-column-padding first  avia-builder-el-1  avia-builder-el-no-sibling  title-ot \" style='border-radius:0px; '><section class=\"av_textblock_section \"  itemscope=\"itemscope\" itemtype=\"https:\/\/schema.org\/CreativeWork\" ><div class='avia_textblock ot-title av_inherit_color '  style='color:#ffffff; '  itemprop=\"text\" ><h2 style=\"text-align: center;\">MISI\u00d3N, VISI\u00d3N, VALORES<\/h2>\n<\/div><\/section><\/div>\n\n<\/div><\/div><\/main><!-- close content main element --><\/div><\/div><\/div><div id='av_section_2'  class='avia-section main_color avia-section-default avia-no-border-styling  avia-full-stretch av-parallax-section av-section-color-overlay-active avia-bg-style-parallax  avia-builder-el-3  el_after_av_section  el_before_av_submenu  header-section-mobile  av-desktop-hide av-medium-hide av-minimum-height av-minimum-height-custom  container_wrap sidebar_right' style=' '  data-section-bg-repeat='stretch'><div class='av-parallax' data-avia-parallax-ratio='0.3' ><div class='av-parallax-inner main_color  avia-full-stretch' style = 'background-repeat: no-repeat; background-image: url(https:\/\/www.herriarte.org\/repositoriweb\/wp-content\/uploads\/2018\/05\/mineria.jpg);background-attachment: scroll; background-position: center center; ' ><\/div><\/div><div class='av-section-color-overlay-wrap'><div class='av-section-color-overlay' style='opacity: 0.7; background-color: #3f3f3f; '><\/div><div class='container' style='height:350px'><div class='template-page content  av-content-small alpha units'><div class='post-entry post-entry-type-page post-entry-6087'><div class='entry-content-wrapper clearfix'>\n<div class=\"flex_column av_one_full  flex_column_div av-zero-column-padding first  avia-builder-el-4  avia-builder-el-no-sibling  title-ot-mobile \" style='border-radius:0px; '><section class=\"av_textblock_section \"  itemscope=\"itemscope\" itemtype=\"https:\/\/schema.org\/CreativeWork\" ><div class='avia_textblock text-title-mobile av_inherit_color '  style='color:#ffffff; '  itemprop=\"text\" ><h2 style=\"text-align: center;\">MISI\u00d3N, VISI\u00d3N, VALORES<\/h2>\n<\/div><\/section><\/div>\n\n<\/div><\/div><\/div><!-- close content main div --><\/div><\/div><\/div><div id='sub_menu1'  class='av-submenu-container main_color  avia-builder-el-6  el_after_av_section  el_before_av_one_full  menu-who  submenu-not-first container_wrap sidebar_right' style='  z-index:301' ><div class='container av-menu-mobile-disabled '><ul id='av-custom-submenu-1' class='av-subnav-menu av-submenu-pos-center'>\n<li class='menu-item menu-item-top-level  menu-item-top-level-1'><a href='https:\/\/www.herriarte.org\/nortzuk-gara\/' ><span class='avia-bullet'><\/span><span class='avia-menu-text'>QUI\u00c9NES SOMOS<\/span><\/a><\/li>\n<li class='menu-item menu-item-top-level  menu-item-top-level-2'><a href='https:\/\/www.herriarte.org\/nortzuk-gara\/gure-ikuspegia\/' ><span class='avia-bullet'><\/span><span class='avia-menu-text'>NUESTRO ENFOQUE<\/span><\/a><\/li>\n<li class='menu-item menu-item-top-level  menu-item-top-level-3'><a href='https:\/\/www.herriarte.org\/nortzuk-gara\/misioa-ikuspegia-balioak\/' ><span class='avia-bullet'><\/span><span class='avia-menu-text'>VISI\u00d3N, MISI\u00d3N, VALORES<\/span><\/a><\/li>\n<li class='menu-item menu-item-top-level  menu-item-top-level-4'><a href='https:\/\/www.herriarte.org\/nortzuk-gara\/nola-antolatzen-gara\/' ><span class='avia-bullet'><\/span><span class='avia-menu-text'>C\u00d3MO NOS ORGANIZAMOS<\/span><\/a><\/li>\n<li class='menu-item menu-item-top-level  menu-item-top-level-5'><a href='https:\/\/www.herriarte.org\/nortzuk-gara\/gardentasun-ataria\/' ><span class='avia-bullet'><\/span><span class='avia-menu-text'>PORTAL DE TRANSPARENCIA<\/span><\/a><\/li>\n<\/ul><\/div><\/div><div id='after_submenu'  class='main_color av_default_container_wrap container_wrap sidebar_right' style=' '  ><div class='container' ><div class='template-page content  av-content-small alpha units'><div class='post-entry post-entry-type-page post-entry-6087'><div class='entry-content-wrapper clearfix'>\n<div class=\"flex_column av_one_full  flex_column_div av-zero-column-padding first  avia-builder-el-7  el_after_av_submenu  el_before_av_one_full  avia-builder-el-first  \" style='border-radius:0px; '><p><div  style='padding-bottom:20px; ' class='av-special-heading av-special-heading-h3  blockquote modern-quote modern-centered  avia-builder-el-8  el_before_av_textblock  avia-builder-el-first  titletext '><h3 class='av-special-heading-tag '  itemprop=\"headline\"  >VISI\u00d3N<\/h3><div class='special-heading-border'><div class='special-heading-inner-border' ><\/div><\/div><\/div><br \/>\n<section class=\"av_textblock_section \"  itemscope=\"itemscope\" itemtype=\"https:\/\/schema.org\/CreativeWork\" ><div class='avia_textblock valores-text '   itemprop=\"text\" ><p><strong>Entrepueblos<\/strong> es una organizaci\u00f3n con base social activista y din\u00e1mica interna participativa, equitativa e inclusiva. Mediante el desarrollo de sus capacidades y la sistematizaci\u00f3n de sus experiencias, contribuye a la generaci\u00f3n de espacios de reflexi\u00f3n-acci\u00f3n transformadora y emancipadora, en los \u00e1mbitos de feminismos, soberan\u00edas y justicias, con un enfoque local-global.<\/p>\n<p>Trabajamos en nuestra sociedad y fomentamos el internacionalismo impulsando la cooperaci\u00f3n solidaria entre personas y pueblos. Para ello promovemos redes y alianzas para el empoderamiento social y la incidencia desde los movimientos sociales<\/p>\n<\/div><\/section><\/p><\/div>\n<div class=\"flex_column av_one_full  flex_column_div av-zero-column-padding first  avia-builder-el-10  el_after_av_one_full  el_before_av_one_full  column-top-margin\" style='border-radius:0px; '><p><div  style='padding-bottom:20px; ' class='av-special-heading av-special-heading-h3  blockquote modern-quote modern-centered  avia-builder-el-11  el_before_av_textblock  avia-builder-el-first  titletext '><h3 class='av-special-heading-tag '  itemprop=\"headline\"  >MISI\u00d3N<\/h3><div class='special-heading-border'><div class='special-heading-inner-border' ><\/div><\/div><\/div><br \/>\n<section class=\"av_textblock_section \"  itemscope=\"itemscope\" itemtype=\"https:\/\/schema.org\/CreativeWork\" ><div class='avia_textblock valores-text '   itemprop=\"text\" ><p><strong>Entrepueblos<\/strong> es una asociaci\u00f3n de mujeres y hombres que trabajamos por la equidad y la justicia social, y promovemos alternativas para la sostenibilidad de la vida. Incidimos en la cr\u00edtica al modelo de sociedad capitalista, denunciando las causas que generan el empobrecimiento, las inequidades y la degradaci\u00f3n ambiental.<\/p>\n<p>Fomentamos acciones emancipadoras en nuestro entorno y apoyamos su interrelaci\u00f3n con las que se desarrollan en otros pa\u00edses, entendiendo la solidaridad internacional como el apoyo mutuo entre personas, organizaciones y movimientos sociales que, desde diferentes pa\u00edses y contextos, denuncian, luchan, proponen y construyen por el pleno ejercicio de los derechos humanos, pol\u00edticos, econ\u00f3micos, sociales, culturales, as\u00ed como por los de la naturaleza. Es decir, lo que en otros contextos se conoce como el \u201cBuen Vivir\u201d. Concebimos la cooperaci\u00f3n como el trabajo com\u00fan y coordinado que lleva a la pr\u00e1ctica esta voluntad solidaria.<\/p>\n<\/div><\/section><\/p><\/div><div class=\"flex_column av_one_full  flex_column_div av-zero-column-padding first  avia-builder-el-13  el_after_av_one_full  avia-builder-el-last  column-top-margin\" style='border-radius:0px; '><p><div  style='padding-bottom:30px; ' class='av-special-heading av-special-heading-h3  blockquote modern-quote modern-centered  avia-builder-el-14  el_before_av_textblock  avia-builder-el-first  titletext '><h3 class='av-special-heading-tag '  itemprop=\"headline\"  >VALORES<\/h3><div class='special-heading-border'><div class='special-heading-inner-border' ><\/div><\/div><\/div><br \/>\n<section class=\"av_textblock_section \"  itemscope=\"itemscope\" itemtype=\"https:\/\/schema.org\/CreativeWork\" ><div class='avia_textblock valores-text '   itemprop=\"text\" ><h4>Concepci\u00f3n integral de la emancipaci\u00f3n<\/h4>\n<p>Sabemos que los movimientos sociales se articulan a menudo en torno a problemas espec\u00edficos. Pero, \u00bfse puede dividir el discurso transformador en partes? Entrepueblos subraya su complicidad estrat\u00e9gica con todos aquellos colectivos que, en diferentes contextos, trabajan por promover el <strong>di\u00e1logo, la interacci\u00f3n y la confluencia entre diferentes movimientos, propuestas y saberes para una emancipaci\u00f3n integral<\/strong>. Para ello se necesitan an\u00e1lisis, propuestas y experiencias inclusivas de la diversidad y capaces de abordar la complejidad, luchar contra los exclusivismos, las l\u00f3gicas unidimensionales y las discriminaciones en el seno de los movimientos emancipadores.<\/p>\n<h4>Asociacionismo, cooperativismo y liderazgos colectivos<\/h4>\n<p>Pensamos que los medios justifican el fin. Es decir que en nuestras pr\u00e1cticas cotidianas y nuestra forma de organizarnos expresamos m\u00e1s fielmente la sociedad por la que trabajamos que a trav\u00e9s de declaraciones. Por eso, en los procesos de emancipaci\u00f3n apostamos porque se oigan todas las voces, por los <strong>liderazgos colectivos<\/strong>, participativos e inclusivos. No se trata solamente de arrebatar el poder a quienes lo monopolizan, sino de socializarlo a trav\u00e9s del empoderamiento, la implicaci\u00f3n y la responsabilizaci\u00f3n de las personas y los colectivos, en lugar de depositarlo de nuevo en liderazgos personales, jer\u00e1rquicos y patriarcales.<\/p>\n<h4>Educaci\u00f3n popular<\/h4>\n<p>En este sentido, destacamos el importante papel que ha jugado en las \u00faltimas d\u00e9cadas, el movimiento de <strong>educaci\u00f3n popular<\/strong>, aglutinado en torno a la obra de Paulo Freire, que sigue siendo hoy d\u00eda un referente, tanto en el plano te\u00f3rico como en la experiencia pr\u00e1ctica, para los procesos de empoderamiento de los sectores sociales oprimidos.<\/p>\n<h4>Austeridad responsable y solidaria<\/h4>\n<p>La coherencia entre fines y medios nos hace reivindicar la <strong>austeridad<\/strong> como criterio b\u00e1sico para nuestra acci\u00f3n. No la austeridad invocada desde el poder, basada en la explotaci\u00f3n y el enga\u00f1o, sino la que se fundamente en el respeto y la responsabilidad social y ambiental, con la comunidad, con todos los pueblos y con las futuras generaciones.<\/p>\n<h4>Independencia y capacidad cr\u00edtica<\/h4>\n<p>La visibilizaci\u00f3n de <strong>Entrepueblos<\/strong> no es una finalidad en s\u00ed misma, pero tiene la importancia de enmarcar cada acci\u00f3n concreta en el contexto de la estrategia general de nuestra asociaci\u00f3n para promover la participaci\u00f3n y la ampliaci\u00f3n de nuestra base social, objetivo indispensable para mantener nuestra <strong>independencia y capacidad cr\u00edtica<\/strong>.<\/p>\n<\/div><\/section><\/p><\/div><\/p>\n","protected":false},"excerpt":{"rendered":"","protected":false},"author":9,"featured_media":0,"parent":6075,"menu_order":0,"comment_status":"closed","ping_status":"closed","template":"","meta":{"_acf_changed":false,"_price":"","_stock":"","_tribe_ticket_header":"","_tribe_default_ticket_provider":"","_tribe_ticket_capacity":"0","_ticket_start_date":"","_ticket_end_date":"","_tribe_ticket_show_description":"","_tribe_ticket_show_not_going":false,"_tribe_ticket_use_global_stock":"","_tribe_ticket_global_stock_level":"","_global_stock_mode":"","_global_stock_cap":"","_tribe_rsvp_for_event":"","_tribe_ticket_going_count":"","_tribe_ticket_not_going_count":"","_tribe_tickets_list":"[]","_tribe_ticket_has_attendee_info_fields":false,"footnotes":"","_tec_slr_enabled":"","_tec_slr_layout":""},"class_list":["post-6087","page","type-page","status-publish","hentry"],"acf":[],"yoast_head":"<!-- This site is optimized with the Yoast SEO plugin v25.0 - https:\/\/yoast.com\/wordpress\/plugins\/seo\/ -->\n<title>MISIOA, IKUSPEGIA, BALIOAK - Entrepueblos<\/title>\n<meta name=\"robots\" content=\"index, follow, max-snippet:-1, max-image-preview:large, max-video-preview:-1\" \/>\n<link rel=\"canonical\" href=\"https:\/\/www.herriarte.org\/repositoriweb\/nortzuk-gara\/misioa-ikuspegia-balioak\/\" \/>\n<meta property=\"og:locale\" content=\"eu_ES\" \/>\n<meta property=\"og:type\" content=\"article\" \/>\n<meta property=\"og:title\" content=\"MISIOA, IKUSPEGIA, BALIOAK - Entrepueblos\" \/>\n<meta property=\"og:url\" content=\"https:\/\/www.herriarte.org\/repositoriweb\/nortzuk-gara\/misioa-ikuspegia-balioak\/\" \/>\n<meta property=\"og:site_name\" content=\"Entrepueblos\" \/>\n<meta property=\"article:modified_time\" content=\"2023-08-29T16:57:08+00:00\" \/>\n<meta name=\"twitter:card\" content=\"summary_large_image\" \/>\n<meta name=\"twitter:label1\" content=\"Est. reading time\" \/>\n\t<meta name=\"twitter:data1\" content=\"9 minutes\" \/>\n<script type=\"application\/ld+json\" class=\"yoast-schema-graph\">{\"@context\":\"https:\/\/schema.org\",\"@graph\":[{\"@type\":\"WebPage\",\"@id\":\"https:\/\/www.herriarte.org\/repositoriweb\/nortzuk-gara\/misioa-ikuspegia-balioak\/\",\"url\":\"https:\/\/www.herriarte.org\/repositoriweb\/nortzuk-gara\/misioa-ikuspegia-balioak\/\",\"name\":\"MISIOA, IKUSPEGIA, BALIOAK - Entrepueblos\",\"isPartOf\":{\"@id\":\"https:\/\/www.entrepueblos.org\/repositoriweb\/#website\"},\"datePublished\":\"2018-04-24T16:27:24+00:00\",\"dateModified\":\"2023-08-29T16:57:08+00:00\",\"breadcrumb\":{\"@id\":\"https:\/\/www.herriarte.org\/repositoriweb\/nortzuk-gara\/misioa-ikuspegia-balioak\/#breadcrumb\"},\"inLanguage\":\"eu-ES\",\"potentialAction\":[{\"@type\":\"ReadAction\",\"target\":[\"https:\/\/www.herriarte.org\/repositoriweb\/nortzuk-gara\/misioa-ikuspegia-balioak\/\"]}]},{\"@type\":\"BreadcrumbList\",\"@id\":\"https:\/\/www.herriarte.org\/repositoriweb\/nortzuk-gara\/misioa-ikuspegia-balioak\/#breadcrumb\",\"itemListElement\":[{\"@type\":\"ListItem\",\"position\":1,\"name\":\"Portada\",\"item\":\"https:\/\/www.herriarte.org\/repositoriweb\/\"},{\"@type\":\"ListItem\",\"position\":2,\"name\":\"NORTZUK GARA\",\"item\":\"https:\/\/www.herriarte.org\/repositoriweb\/nortzuk-gara\/\"},{\"@type\":\"ListItem\",\"position\":3,\"name\":\"MISIOA, IKUSPEGIA, BALIOAK\"}]},{\"@type\":\"WebSite\",\"@id\":\"https:\/\/www.entrepueblos.org\/repositoriweb\/#website\",\"url\":\"https:\/\/www.entrepueblos.org\/repositoriweb\/\",\"name\":\"Entrepueblos\",\"description\":\"Cooperaci\u00f3n pueblo a pueblo\",\"potentialAction\":[{\"@type\":\"SearchAction\",\"target\":{\"@type\":\"EntryPoint\",\"urlTemplate\":\"https:\/\/www.entrepueblos.org\/repositoriweb\/?s={search_term_string}\"},\"query-input\":{\"@type\":\"PropertyValueSpecification\",\"valueRequired\":true,\"valueName\":\"search_term_string\"}}],\"inLanguage\":\"eu-ES\"}]}<\/script>\n<!-- \/ Yoast SEO plugin. -->","yoast_head_json":{"title":"MISIOA, IKUSPEGIA, BALIOAK - Entrepueblos","robots":{"index":"index","follow":"follow","max-snippet":"max-snippet:-1","max-image-preview":"max-image-preview:large","max-video-preview":"max-video-preview:-1"},"canonical":"https:\/\/www.herriarte.org\/repositoriweb\/nortzuk-gara\/misioa-ikuspegia-balioak\/","og_locale":"eu_ES","og_type":"article","og_title":"MISIOA, IKUSPEGIA, BALIOAK - Entrepueblos","og_url":"https:\/\/www.herriarte.org\/repositoriweb\/nortzuk-gara\/misioa-ikuspegia-balioak\/","og_site_name":"Entrepueblos","article_modified_time":"2023-08-29T16:57:08+00:00","twitter_card":"summary_large_image","twitter_misc":{"Est. reading time":"9 minutes"},"schema":{"@context":"https:\/\/schema.org","@graph":[{"@type":"WebPage","@id":"https:\/\/www.herriarte.org\/repositoriweb\/nortzuk-gara\/misioa-ikuspegia-balioak\/","url":"https:\/\/www.herriarte.org\/repositoriweb\/nortzuk-gara\/misioa-ikuspegia-balioak\/","name":"MISIOA, IKUSPEGIA, BALIOAK - Entrepueblos","isPartOf":{"@id":"https:\/\/www.entrepueblos.org\/repositoriweb\/#website"},"datePublished":"2018-04-24T16:27:24+00:00","dateModified":"2023-08-29T16:57:08+00:00","breadcrumb":{"@id":"https:\/\/www.herriarte.org\/repositoriweb\/nortzuk-gara\/misioa-ikuspegia-balioak\/#breadcrumb"},"inLanguage":"eu-ES","potentialAction":[{"@type":"ReadAction","target":["https:\/\/www.herriarte.org\/repositoriweb\/nortzuk-gara\/misioa-ikuspegia-balioak\/"]}]},{"@type":"BreadcrumbList","@id":"https:\/\/www.herriarte.org\/repositoriweb\/nortzuk-gara\/misioa-ikuspegia-balioak\/#breadcrumb","itemListElement":[{"@type":"ListItem","position":1,"name":"Portada","item":"https:\/\/www.herriarte.org\/repositoriweb\/"},{"@type":"ListItem","position":2,"name":"NORTZUK GARA","item":"https:\/\/www.herriarte.org\/repositoriweb\/nortzuk-gara\/"},{"@type":"ListItem","position":3,"name":"MISIOA, IKUSPEGIA, BALIOAK"}]},{"@type":"WebSite","@id":"https:\/\/www.entrepueblos.org\/repositoriweb\/#website","url":"https:\/\/www.entrepueblos.org\/repositoriweb\/","name":"Entrepueblos","description":"Cooperaci\u00f3n pueblo a pueblo","potentialAction":[{"@type":"SearchAction","target":{"@type":"EntryPoint","urlTemplate":"https:\/\/www.entrepueblos.org\/repositoriweb\/?s={search_term_string}"},"query-input":{"@type":"PropertyValueSpecification","valueRequired":true,"valueName":"search_term_string"}}],"inLanguage":"eu-ES"}]}},"ticketed":false,"_links":{"self":[{"href":"https:\/\/www.herriarte.org\/repositoriweb\/wp-json\/wp\/v2\/pages\/6087","targetHints":{"allow":["GET"]}}],"collection":[{"href":"https:\/\/www.herriarte.org\/repositoriweb\/wp-json\/wp\/v2\/pages"}],"about":[{"href":"https:\/\/www.herriarte.org\/repositoriweb\/wp-json\/wp\/v2\/types\/page"}],"author":[{"embeddable":true,"href":"https:\/\/www.herriarte.org\/repositoriweb\/wp-json\/wp\/v2\/users\/9"}],"replies":[{"embeddable":true,"href":"https:\/\/www.herriarte.org\/repositoriweb\/wp-json\/wp\/v2\/comments?post=6087"}],"version-history":[{"count":9,"href":"https:\/\/www.herriarte.org\/repositoriweb\/wp-json\/wp\/v2\/pages\/6087\/revisions"}],"predecessor-version":[{"id":36219,"href":"https:\/\/www.herriarte.org\/repositoriweb\/wp-json\/wp\/v2\/pages\/6087\/revisions\/36219"}],"up":[{"embeddable":true,"href":"https:\/\/www.herriarte.org\/repositoriweb\/wp-json\/wp\/v2\/pages\/6075"}],"wp:attachment":[{"href":"https:\/\/www.herriarte.org\/repositoriweb\/wp-json\/wp\/v2\/media?parent=6087"}],"curies":[{"name":"wp","href":"https:\/\/api.w.org\/{rel}","templated":true}]}}